{"id":106,"date":"2014-03-08T22:46:38","date_gmt":"2014-03-08T21:46:38","guid":{"rendered":"http:\/\/freewheels-ride.fr\/?page_id=106"},"modified":"2020-01-10T14:56:52","modified_gmt":"2020-01-10T13:56:52","slug":"tarifs","status":"publish","type":"page","link":"http:\/\/freewheels-ride.fr\/?page_id=106","title":{"rendered":"Tarifs"},"content":{"rendered":"<ul>\n<li>\n<h3>Encadrement :<\/h3>\n<p><em>S\u00e9ances\u00a0 programm\u00e9es en fonction de vos besoins, attentes et objectifs.\u00a0 \u00a0 \u00a0 \u00a0 \u00a0 \u00a0 \u00a0 \u00a0 \u00a0 \u00a0 \u00a0 \u00a0 \u00a0 \u00a0 \u00a0 \u00a0 \u00a0 \u00a0 \u00a0 \u00a0Adapt\u00e9es \u00e0 tous<\/em><em>\u00a0tous niveaux : initation &#8211; perfectionnement &#8211; comp\u00e9tition\u00a0 \u00a0 \u00a0 \u00a0 \u00a0 \u00a0 \u00a0 \u00a0 \u00a0 \u00a0 \u00a0 \u00a0 \u00a0 \u00a0 \u00a0 \u00a0 \u00a0<\/em><em>Ateliers techniques | Mise en situation (sp\u00e9ciales \/ parcours chronom\u00e9tr\u00e9) | mise au point, r\u00e9glages, m\u00e9canique | Analyse vid\u00e9o | feedback par \u00e9crit \u00e0 la suite de la prestation<\/em><\/li>\n<\/ul>\n<p>&nbsp;<\/p>\n<p style=\"padding-left: 30px;\"><span style=\"text-decoration: underline;\"><em>Cours particulier : <\/em><\/span><\/p>\n<ul>\n<li style=\"padding-left: 30px;\"><i>49<\/i>\u20ac\/heure<\/li>\n<\/ul>\n<p style=\"padding-left: 30px;\"><em><span style=\"text-decoration: underline;\">Cours collectifs &#8211; Stages de pilotage (2 \u00e0 12 personnes) :<\/span>\u00a0 \u00a0<\/em><\/p>\n<ul>\n<li style=\"list-style-type: none;\">\n<ul>\n<li style=\"text-align: justify;\">1 heure\u00a0 \u00a0 \u00a0 \u00a0 \u00a0 \u00a0 \u00a0 \u00a0 \u00a0 \u00a0 \u00a0 \u00a0 \u00a0 35\u20ac pour 2 riders, +20\u20ac\/rider suppl\u00e9mentaire<\/li>\n<li style=\"text-align: justify;\">2 heures\u00a0 \u00a0 \u00a0 \u00a0 \u00a0 \u00a0 \u00a0 \u00a0 \u00a0 \u00a0 \u00a0 \u00a0 70\u20ac pour 2 riders, +20\u20ac\/rider suppl\u00e9mentaire<\/li>\n<li style=\"text-align: justify;\"><span style=\"line-height: 1.5em;\">\u00bd journ\u00e9e (3 heures)\u00a0 100\u20ac\u00a0pour 2 riders, +15\u20ac\/rider suppl\u00e9mentaire\u00a0<\/span><\/li>\n<li style=\"text-align: justify;\">Journ\u00e9e (6 heures)\u00a0 \u00a0 \u00a0 180\u20ac pour 2 riders + 15\u20ac \/ rider suppl\u00e9mentaire<\/li>\n<\/ul>\n<\/li>\n<\/ul>\n<p><em>\u00a0<\/em><\/p>\n<p><em>Ces montants respectent le tarif conventionn\u00e9 par le Syndicat National des Moniteurs Cyclistes Fran\u00e7ais (SNMCF) pour les diff\u00e9rentes interventions qui peuvent \u00eatre effectu\u00e9es par un \u00e9ducateur sportif dipl\u00f4m\u00e9 d&rsquo;\u00e9tat sp\u00e9cialiste des activit\u00e9s du cyclisme.<\/em><\/p>\n<p><a href=\"http:\/\/www.moniteurcycliste.com\/\" target=\"_blank\" rel=\"noopener noreferrer\"><img loading=\"lazy\" decoding=\"async\" class=\" wp-image-115 alignleft\" src=\"http:\/\/freewheels-ride.fr\/wp-content\/uploads\/2014\/03\/MCF.jpg\" alt=\"MCF\" width=\"213\" height=\"57\" srcset=\"http:\/\/freewheels-ride.fr\/wp-content\/uploads\/2014\/03\/MCF.jpg 355w, http:\/\/freewheels-ride.fr\/wp-content\/uploads\/2014\/03\/MCF-300x80.jpg 300w\" sizes=\"auto, (max-width: 213px) 100vw, 213px\" \/><\/a><\/p>\n","protected":false},"excerpt":{"rendered":"<p>Encadrement : S\u00e9ances\u00a0 programm\u00e9es en fonction de vos besoins, attentes et objectifs.\u00a0 \u00a0 \u00a0 \u00a0 \u00a0 \u00a0 \u00a0 \u00a0 \u00a0 \u00a0 \u00a0 \u00a0 \u00a0 \u00a0 \u00a0 \u00a0 \u00a0 \u00a0 \u00a0 \u00a0Adapt\u00e9es \u00e0 tous\u00a0tous niveaux : initation &#8211; perfectionnement &#8211; comp\u00e9tition\u00a0 \u00a0 \u00a0 \u00a0 \u00a0 \u00a0 \u00a0 \u00a0 \u00a0 \u00a0 \u00a0 \u00a0 \u00a0 \u00a0 \u00a0 \u00a0 [&hellip;]<\/p>\n","protected":false},"author":1,"featured_media":0,"parent":0,"menu_order":0,"comment_status":"open","ping_status":"open","template":"","meta":{"footnotes":""},"class_list":["post-106","page","type-page","status-publish","hentry"],"_links":{"self":[{"href":"http:\/\/freewheels-ride.fr\/index.php?rest_route=\/wp\/v2\/pages\/106","targetHints":{"allow":["GET"]}}],"collection":[{"href":"http:\/\/freewheels-ride.fr\/index.php?rest_route=\/wp\/v2\/pages"}],"about":[{"href":"http:\/\/freewheels-ride.fr\/index.php?rest_route=\/wp\/v2\/types\/page"}],"author":[{"embeddable":true,"href":"http:\/\/freewheels-ride.fr\/index.php?rest_route=\/wp\/v2\/users\/1"}],"replies":[{"embeddable":true,"href":"http:\/\/freewheels-ride.fr\/index.php?rest_route=%2Fwp%2Fv2%2Fcomments&post=106"}],"version-history":[{"count":19,"href":"http:\/\/freewheels-ride.fr\/index.php?rest_route=\/wp\/v2\/pages\/106\/revisions"}],"predecessor-version":[{"id":527,"href":"http:\/\/freewheels-ride.fr\/index.php?rest_route=\/wp\/v2\/pages\/106\/revisions\/527"}],"wp:attachment":[{"href":"http:\/\/freewheels-ride.fr\/index.php?rest_route=%2Fwp%2Fv2%2Fmedia&parent=106"}],"curies":[{"name":"wp","href":"https:\/\/api.w.org\/{rel}","templated":true}]}}