{"id":144,"date":"2014-03-09T00:05:40","date_gmt":"2014-03-08T23:05:40","guid":{"rendered":"http:\/\/freewheels-ride.fr\/?page_id=144"},"modified":"2017-02-26T21:31:58","modified_gmt":"2017-02-26T20:31:58","slug":"encadrement","status":"publish","type":"page","link":"http:\/\/freewheels-ride.fr\/?page_id=144","title":{"rendered":"Encadrement"},"content":{"rendered":"<p>Vous trouverez ici toutes les informations n\u00e9cessaires pour organiser vos sorties vtt \u201csur mesure\u201d, le\u00e7ons, stages\u2026 avec un \u00a0moniteur\u00a0VTT\u00a0dipl\u00f4m\u00e9 d\u2019\u00e9tat.<\/p>\n<p>Que vous soyez d\u00e9butant ou expert, amateur de\u00a0rando, d\u2019enduro, de\u00a0free ride, de BMX\u00a0ou de\u00a0descente(DH), nous pouvons vous proposer des solutions afin de\u00a0devenir un meilleur \u201crider\u201c, en vous proposant des\u00a0cours techniques\u00a0portant essentiellement sur les techniques propres au pilotage VTT. Ils s\u2019adressent \u00e0 tous, randonneur cherchant \u00e0 se mettre en confiance, enduriste \u00e0 la recherche de plus de sensations ou comp\u00e9titeurs d\u00e9sirant gagner en efficacit\u00e9. De nombreux sujets peuvent \u00eatres abord\u00e9s, technique de virage (plats, relev\u00e9s, etc\u2026), sauts, marche, passage d\u2019obstacles vari\u00e9s (racines, d\u00e9vers, etc\u2026), pr\u00e9paration et r\u00e9glage du vtt.<\/p>\n<p>&nbsp;<\/p>\n<p><iframe loading=\"lazy\" title=\"Stage pilotage Freewheels\" width=\"640\" height=\"360\" src=\"https:\/\/www.youtube.com\/embed\/rYkGOX2z088?feature=oembed\" frameborder=\"0\" allow=\"accelerometer; autoplay; clipboard-write; encrypted-media; gyroscope; picture-in-picture; web-share\" referrerpolicy=\"strict-origin-when-cross-origin\" allowfullscreen><\/iframe><\/p>\n<p>Etant bas\u00e9 sur Angers, il est possible d&rsquo;organiser \u00a0des stages de pilotage sur 2 spots principaux :<\/p>\n<ol>\n<li>Le\u00a0lac de maine, spot technique \u00e0 profil descendant visit\u00e9 par bon nombre de v\u00e9t\u00e9tistes de tous horizons.<\/li>\n<li>Piste de BMX : plusieurs pistes existent dans la r\u00e9gion avec plus ou moins de difficult\u00e9. Certaines sont en acc\u00e8s libre, et sont le lieu parfait pour mieux se positionner et manier son v\u00e9lo plus efficacement. Les techniques qui y seront assimil\u00e9es deviendront un atout majeur pour le pilotage de son VTT.<\/li>\n<\/ol>\n<p>&nbsp;<\/p>\n<p>Diff\u00e9rents formules vous sont propos\u00e9es, afin d&rsquo;apporter une r\u00e9ponse \u00e0 toutes vos attentes.<\/p>\n<ul>\n<li>Cours particulier : (2heures ou 1\/2 journ\u00e9e)<\/li>\n<\/ul>\n<p>Afin de progresser de mani\u00e8re la plus efficace possible, seul(e) avec un moniteur pour un accompagnement personnalis\u00e9.<\/p>\n<ul>\n<li>Cours collectifs : \u00a0(2Heures ou 1\/2 journ\u00e9e)<\/li>\n<\/ul>\n<p>Vous \u00eates un groupe de 2 \u00e0 12 personnes, et souhaitez travailler techniquement que ce soit de mani\u00e8re g\u00e9n\u00e9rale ou sur un point pr\u00e9cis, apprendre \u00e0 r\u00e9gler\/entretenir son VTT.<\/p>\n<ul>\n<li>Stages de pilotage : (1 journ\u00e9e)<\/li>\n<\/ul>\n<p>Pour un minimum de 4 personnes, venez b\u00e9n\u00e9ficier de nos conseils au sein d&rsquo;un stages de pilotage. Sur une journ\u00e9e, il est abord\u00e9 bon nombre d&rsquo;aspects inh\u00e9rents \u00e0 la pratique et au pilotage d&rsquo;un VTT. Ces stages sont organis\u00e9s r\u00e9guli\u00e8rement tout au long de l&rsquo;ann\u00e9e par Freewheels. Il est possible d&rsquo;organiser des stages hors dates sur r\u00e9servation.<\/p>\n<p>&nbsp;<\/p>\n<p>&nbsp;<\/p>\n","protected":false},"excerpt":{"rendered":"<p>Vous trouverez ici toutes les informations n\u00e9cessaires pour organiser vos sorties vtt \u201csur mesure\u201d, le\u00e7ons, stages\u2026 avec un \u00a0moniteur\u00a0VTT\u00a0dipl\u00f4m\u00e9 d\u2019\u00e9tat. Que vous soyez d\u00e9butant ou expert, amateur de\u00a0rando, d\u2019enduro, de\u00a0free ride, de BMX\u00a0ou de\u00a0descente(DH), nous pouvons vous proposer des solutions afin de\u00a0devenir un meilleur \u201crider\u201c, en vous proposant des\u00a0cours techniques\u00a0portant essentiellement sur les techniques propres [&hellip;]<\/p>\n","protected":false},"author":1,"featured_media":0,"parent":0,"menu_order":0,"comment_status":"open","ping_status":"open","template":"","meta":{"footnotes":""},"class_list":["post-144","page","type-page","status-publish","hentry"],"_links":{"self":[{"href":"http:\/\/freewheels-ride.fr\/index.php?rest_route=\/wp\/v2\/pages\/144","targetHints":{"allow":["GET"]}}],"collection":[{"href":"http:\/\/freewheels-ride.fr\/index.php?rest_route=\/wp\/v2\/pages"}],"about":[{"href":"http:\/\/freewheels-ride.fr\/index.php?rest_route=\/wp\/v2\/types\/page"}],"author":[{"embeddable":true,"href":"http:\/\/freewheels-ride.fr\/index.php?rest_route=\/wp\/v2\/users\/1"}],"replies":[{"embeddable":true,"href":"http:\/\/freewheels-ride.fr\/index.php?rest_route=%2Fwp%2Fv2%2Fcomments&post=144"}],"version-history":[{"count":14,"href":"http:\/\/freewheels-ride.fr\/index.php?rest_route=\/wp\/v2\/pages\/144\/revisions"}],"predecessor-version":[{"id":423,"href":"http:\/\/freewheels-ride.fr\/index.php?rest_route=\/wp\/v2\/pages\/144\/revisions\/423"}],"wp:attachment":[{"href":"http:\/\/freewheels-ride.fr\/index.php?rest_route=%2Fwp%2Fv2%2Fmedia&parent=144"}],"curies":[{"name":"wp","href":"https:\/\/api.w.org\/{rel}","templated":true}]}}