{"id":285,"date":"2016-09-16T17:10:42","date_gmt":"2016-09-16T16:10:42","guid":{"rendered":"http:\/\/freewheels-ride.fr\/?page_id=285"},"modified":"2025-05-15T14:58:10","modified_gmt":"2025-05-15T13:58:10","slug":"nos-occasions","status":"publish","type":"page","link":"http:\/\/freewheels-ride.fr\/?page_id=285","title":{"rendered":"Nos occasions"},"content":{"rendered":"\n<h4 class=\"wp-block-heading\">Vous trouverez ici notre offre de v\u00e9los et pi\u00e8ces d\u2019occasion r\u00e9guli\u00e8rement mise \u00e0 jour.<\/h4>\n\n\n\n<p>Vous b\u00e9n\u00e9ficiez de tout l&rsquo;expertise de l&rsquo;atelier FREEWHEELS pour b\u00e9n\u00e9ficier de v\u00e9los et pi\u00e8ces:<\/p>\n\n\n\n<ul class=\"wp-block-list\">\n<li>en parfait \u00e9tat de marche,<\/li>\n\n\n\n<li>control\u00e9s et r\u00e9vis\u00e9s<\/li>\n\n\n\n<li>Garantie main d&rsquo;oeuvre de 3 mois<\/li>\n<\/ul>\n\n\n\n<p>Pour toute(s) information(s) ou question(s), rendez vous sur la page&nbsp;<a href=\"http:\/\/freewheels-ride.fr\/?page_id=109\">contact<\/a>,&nbsp;<\/p>\n\n\n\n<p>&nbsp;<\/p>\n\n\n\n<p>&nbsp;<\/p>\n\n\n\n<p><strong>[VTT COMPLET] &#8211; SPECIALIZED DEMO 2021 &#8211; 3800\u20ac<\/strong><\/p>\n\n\n\n<p><\/p>\n\n\n\n<figure class=\"wp-block-image size-full\"><a href=\"http:\/\/freewheels-ride.fr\/wp-content\/uploads\/2025\/05\/IMG_6221.jpg\"><img loading=\"lazy\" decoding=\"async\" width=\"640\" height=\"480\" src=\"http:\/\/freewheels-ride.fr\/wp-content\/uploads\/2025\/05\/IMG_6221.jpg\" alt=\"\" class=\"wp-image-642\" srcset=\"http:\/\/freewheels-ride.fr\/wp-content\/uploads\/2025\/05\/IMG_6221.jpg 640w, http:\/\/freewheels-ride.fr\/wp-content\/uploads\/2025\/05\/IMG_6221-300x225.jpg 300w, http:\/\/freewheels-ride.fr\/wp-content\/uploads\/2025\/05\/IMG_6221-624x468.jpg 624w\" sizes=\"auto, (max-width: 640px) 100vw, 640px\" \/><\/a><\/figure>\n\n\n\n<figure class=\"wp-block-image size-full\"><a href=\"http:\/\/freewheels-ride.fr\/wp-content\/uploads\/2025\/05\/IMG_6222.jpg\"><img loading=\"lazy\" decoding=\"async\" width=\"640\" height=\"480\" src=\"http:\/\/freewheels-ride.fr\/wp-content\/uploads\/2025\/05\/IMG_6222.jpg\" alt=\"\" class=\"wp-image-643\" srcset=\"http:\/\/freewheels-ride.fr\/wp-content\/uploads\/2025\/05\/IMG_6222.jpg 640w, http:\/\/freewheels-ride.fr\/wp-content\/uploads\/2025\/05\/IMG_6222-300x225.jpg 300w, http:\/\/freewheels-ride.fr\/wp-content\/uploads\/2025\/05\/IMG_6222-624x468.jpg 624w\" sizes=\"auto, (max-width: 640px) 100vw, 640px\" \/><\/a><\/figure>\n\n\n\n<figure class=\"wp-block-image size-full\"><a href=\"http:\/\/freewheels-ride.fr\/wp-content\/uploads\/2025\/05\/IMG_6223-rotated.jpg\"><img loading=\"lazy\" decoding=\"async\" width=\"480\" height=\"640\" src=\"http:\/\/freewheels-ride.fr\/wp-content\/uploads\/2025\/05\/IMG_6223-rotated.jpg\" alt=\"\" class=\"wp-image-644\" srcset=\"http:\/\/freewheels-ride.fr\/wp-content\/uploads\/2025\/05\/IMG_6223-rotated.jpg 480w, http:\/\/freewheels-ride.fr\/wp-content\/uploads\/2025\/05\/IMG_6223-225x300.jpg 225w\" sizes=\"auto, (max-width: 480px) 100vw, 480px\" \/><\/a><\/figure>\n\n\n\n<figure class=\"wp-block-image size-full\"><a href=\"http:\/\/freewheels-ride.fr\/wp-content\/uploads\/2025\/05\/IMG_6224.jpg\"><img loading=\"lazy\" decoding=\"async\" width=\"640\" height=\"480\" src=\"http:\/\/freewheels-ride.fr\/wp-content\/uploads\/2025\/05\/IMG_6224.jpg\" alt=\"\" class=\"wp-image-645\" srcset=\"http:\/\/freewheels-ride.fr\/wp-content\/uploads\/2025\/05\/IMG_6224.jpg 640w, http:\/\/freewheels-ride.fr\/wp-content\/uploads\/2025\/05\/IMG_6224-300x225.jpg 300w, http:\/\/freewheels-ride.fr\/wp-content\/uploads\/2025\/05\/IMG_6224-624x468.jpg 624w\" sizes=\"auto, (max-width: 640px) 100vw, 640px\" \/><\/a><\/figure>\n\n\n\n<p>taille S3<\/p>\n\n\n\n<p>En tr\u00e8s bon \u00e9tat, seuls quelques petits d\u00e9fauts esth\u00e9tiques du \u00e0 l\u2019utilisation.&nbsp;<\/p>\n\n\n\n<p>enti\u00e8rement r\u00e9vis\u00e9 m\u00e9caniquement (roulements cadre, amortisseur et fourche vidang\u00e9s + joints, par roul\u00e9 depuis)<\/p>\n\n\n\n<p>Rock shox Boxxer Ultimate<\/p>\n\n\n\n<p>Ohlins ttx22 ressort neuf&nbsp;<\/p>\n\n\n\n<p>Cintre\/ p\u00e9dales\/ selle Burgtec<\/p>\n\n\n\n<p>D\u00e9railleur sram X0<\/p>\n\n\n\n<p>Freins Avid Code (rares!) donne en plus 2 paires de plaquettes neuves&nbsp;<\/p>\n\n\n\n<p>P\u00e9dalier et potence Truvativ descendant&nbsp;<\/p>\n\n\n\n<p>Guide cha\u00eene et plateau (neuf) MRP&nbsp;<\/p>\n\n\n\n<p>Roue avant Roval<\/p>\n\n\n\n<p>Roue arri\u00e8re DT Swiss FR 1950&nbsp;<\/p>\n\n\n\n<p>Pneus Maxxis&nbsp;<\/p>\n\n\n\n<p>Grips DMR<\/p>\n\n\n\n<p>En parfait \u00e9tat de marche. Rien \u00e0 pr\u00e9voir !<\/p>\n\n\n\n<p>&nbsp;&#8212;&#8212;&#8212;&#8212;&#8212;&#8212;&#8212;&#8212;&#8212;&#8212;&#8212;&#8212;&#8212;&#8212;&#8212;&#8212;&#8212;&#8212;&#8212;&#8212;&#8212;&#8212;&#8212;&#8212;&#8212;&#8212;&#8212;&#8212;&#8212;&#8212;&#8212;&#8212;&#8212;&#8212;&#8212;&#8212;<\/p>\n\n\n\n<p><\/p>\n\n\n\n<p><\/p>\n\n\n\n<p><\/p>\n\n\n\n<p><\/p>\n","protected":false},"excerpt":{"rendered":"<p>Vous trouverez ici notre offre de v\u00e9los et pi\u00e8ces d\u2019occasion r\u00e9guli\u00e8rement mise \u00e0 jour. Vous b\u00e9n\u00e9ficiez de tout l&rsquo;expertise de l&rsquo;atelier FREEWHEELS pour b\u00e9n\u00e9ficier de v\u00e9los et pi\u00e8ces: Pour toute(s) information(s) ou question(s), rendez vous sur la page&nbsp;contact,&nbsp; &nbsp; &nbsp; [VTT COMPLET] &#8211; SPECIALIZED DEMO 2021 &#8211; 3800\u20ac taille S3 En tr\u00e8s bon \u00e9tat, seuls [&hellip;]<\/p>\n","protected":false},"author":1,"featured_media":0,"parent":0,"menu_order":0,"comment_status":"closed","ping_status":"closed","template":"","meta":{"footnotes":""},"class_list":["post-285","page","type-page","status-publish","hentry"],"_links":{"self":[{"href":"http:\/\/freewheels-ride.fr\/index.php?rest_route=\/wp\/v2\/pages\/285","targetHints":{"allow":["GET"]}}],"collection":[{"href":"http:\/\/freewheels-ride.fr\/index.php?rest_route=\/wp\/v2\/pages"}],"about":[{"href":"http:\/\/freewheels-ride.fr\/index.php?rest_route=\/wp\/v2\/types\/page"}],"author":[{"embeddable":true,"href":"http:\/\/freewheels-ride.fr\/index.php?rest_route=\/wp\/v2\/users\/1"}],"replies":[{"embeddable":true,"href":"http:\/\/freewheels-ride.fr\/index.php?rest_route=%2Fwp%2Fv2%2Fcomments&post=285"}],"version-history":[{"count":32,"href":"http:\/\/freewheels-ride.fr\/index.php?rest_route=\/wp\/v2\/pages\/285\/revisions"}],"predecessor-version":[{"id":646,"href":"http:\/\/freewheels-ride.fr\/index.php?rest_route=\/wp\/v2\/pages\/285\/revisions\/646"}],"wp:attachment":[{"href":"http:\/\/freewheels-ride.fr\/index.php?rest_route=%2Fwp%2Fv2%2Fmedia&parent=285"}],"curies":[{"name":"wp","href":"https:\/\/api.w.org\/{rel}","templated":true}]}}