{"id":44,"date":"2014-03-08T02:26:04","date_gmt":"2014-03-08T01:26:04","guid":{"rendered":"http:\/\/freewheels-ride.fr\/?page_id=44"},"modified":"2026-03-11T16:18:39","modified_gmt":"2026-03-11T15:18:39","slug":"jean-marie-placais","status":"publish","type":"page","link":"http:\/\/freewheels-ride.fr\/?page_id=44","title":{"rendered":"Jean-Marie PLA\u00c7AIS"},"content":{"rendered":"<div>\n<p><strong>HISTORIQUE<\/strong><\/p>\n<p>FREEWHEELS \u00e0 \u00e9t\u00e9 cr\u00e9e en 2009 par Jean-Marie PLACAIS, passionn\u00e9 et pratiquant VTT et\u00a0 BMX depuis pr\u00e8s de 30 ans.<\/p>\n<p><a href=\"http:\/\/freewheels-ride.fr\/wp-content\/uploads\/2015\/12\/3.jpg\"><img loading=\"lazy\" decoding=\"async\" class=\"size-large wp-image-247\" src=\"http:\/\/freewheels-ride.fr\/wp-content\/uploads\/2015\/12\/3-1024x683.jpg\" alt=\"Jean-Marie Pla\u00e7ais a lanc\u00e9 son entreprise de r\u00e9paration de cycles \u00e0 domicile. Depuis septembre 2015, il se d\u00e9place dans toute l'agglom\u00e9ration d'Angers pour r\u00e9parer les petits et gros bobos de vos v\u00e9los\u2026\" width=\"625\" height=\"417\" srcset=\"http:\/\/freewheels-ride.fr\/wp-content\/uploads\/2015\/12\/3-1024x683.jpg 1024w, http:\/\/freewheels-ride.fr\/wp-content\/uploads\/2015\/12\/3-300x200.jpg 300w, http:\/\/freewheels-ride.fr\/wp-content\/uploads\/2015\/12\/3-624x416.jpg 624w, http:\/\/freewheels-ride.fr\/wp-content\/uploads\/2015\/12\/3.jpg 1200w\" sizes=\"auto, (max-width: 625px) 100vw, 625px\" \/><\/a><\/p>\n<p>&nbsp;<\/p>\n<p>Aujourd&rsquo;hui, je suis \u00e0 votre disposition pour apporter mes connaissances, mes conseils et mes comp\u00e9tences \u00e0 votre service, que ce soit pour :<\/p>\n<p>&#8211; Vos r\u00e9parations cycles de tous types, \u00e0 l&rsquo;atelier ou \u00e0 votre domicile \/ travail&#8230;.<\/p>\n<p>-vous proposer des stages de pilotages, seul ou en groupe, \u00e0 vous de d\u00e9cider la formule la plus adapt\u00e9e \u00e0 vos besoins et envies.<\/p>\n<p>-vous accompagner dans la cr\u00e9ation d&rsquo;une piste de BMX \/ Pumptrack (cr\u00e9ation de plans \/ suivi de chantier).<\/p>\n<p>N&rsquo;h\u00e9sitez pas \u00e0 me contacter <a href=\"http:\/\/freewheels-ride.fr\/?page_id=109\">ici<\/a>.<\/p>\n<p><a href=\"http:\/\/freewheels-ride.fr\/wp-content\/uploads\/2014\/03\/1.jpg\"><img loading=\"lazy\" decoding=\"async\" class=\"alignleft wp-image-224\" src=\"http:\/\/freewheels-ride.fr\/wp-content\/uploads\/2014\/03\/1-1024x728.jpg\" alt=\"Jean-Marie Pla\u00e7ais a lanc\u00e9 son entreprise de r\u00e9paration de v\u00e9los \u00e0 domicile. Depuis septembre 2015, il se d\u00e9place dans toute l'agglom\u00e9ration pour les petits et gros bobos de vos v\u00e9los\u2026\" width=\"702\" height=\"499\" srcset=\"http:\/\/freewheels-ride.fr\/wp-content\/uploads\/2014\/03\/1-1024x728.jpg 1024w, http:\/\/freewheels-ride.fr\/wp-content\/uploads\/2014\/03\/1-300x213.jpg 300w, http:\/\/freewheels-ride.fr\/wp-content\/uploads\/2014\/03\/1-624x444.jpg 624w, http:\/\/freewheels-ride.fr\/wp-content\/uploads\/2014\/03\/1.jpg 1200w\" sizes=\"auto, (max-width: 702px) 100vw, 702px\" \/><\/a><\/p>\n<\/div>\n<div><\/div>\n<div>\u2022 Titulaire du Brevet d\u2019Etat d\u2019Educateur Sportif des Activit\u00e9s du Cyclisme depuis\u00a02006.<\/div>\n<div><\/div>\n<div>\u2022 R\u00e9f\u00e9rent\u00a0 technique r\u00e9gional des pistes BMX comp\u00e9tition au sein de la FFC<\/div>\n<div><\/div>\n<div>\u2022 Entraineur \u00e0 l\u2019ASA Avrill\u00e9 BMX\u00a0 depuis 2008.<\/div>\n<div><\/div>\n<div>\u2022 Moniteur Cycliste Fran\u00e7ais en saison estivale depuis 2009\u00a0( Domaine des Portes de Soleil &#8211; Morzine \u2013 74)<\/div>\n<div><\/div>\n<div>\u2022 Responsable du site VTT\/FFC \u00e0 Br\u00fblon (72) : entretien\u00a0 et balisage de 60km de sentiers VTT ainsi qu&rsquo;encadrement de l&rsquo;\u00e9cole de VTT. (2006-2008)<\/div>\n<div><\/div>\n<div><span style=\"line-height: 1.5em;\">\u2022 Technicien \/ Vendeur VTT et BMX \u00a0\u00a0SPAD-Angers (2002-2006)<\/span><\/div>\n<div><\/div>\n<div><\/div>\n<div><\/div>\n<div><span style=\"color: #999999;\">AGE:<\/span><span style=\"color: #800000;\">\u00a0 <span style=\"color: #333333;\">43 <\/span><span style=\"color: #333333;\">ans<\/span><\/span><\/div>\n<div><\/div>\n<p><span style=\"color: #999999;\">EXPERIENCE:<\/span><span style=\"line-height: 1.5em;\">\u00a0<\/span><span style=\"color: #333333;\">28 ans \u00e0 rouler \/ 25 ans d\u2019enseignement et de m\u00e9canique<\/span><\/p>\n<p>&nbsp;<\/p>\n<p>&nbsp;<\/p>\n<p><img loading=\"lazy\" decoding=\"async\" class=\"alignright wp-image-136\" src=\"http:\/\/freewheels-ride.fr\/wp-content\/uploads\/2014\/03\/DSC_9205-681x1024.jpg\" alt=\"DSC_9205\" width=\"384\" height=\"577\" srcset=\"http:\/\/freewheels-ride.fr\/wp-content\/uploads\/2014\/03\/DSC_9205-681x1024.jpg 681w, http:\/\/freewheels-ride.fr\/wp-content\/uploads\/2014\/03\/DSC_9205-199x300.jpg 199w, http:\/\/freewheels-ride.fr\/wp-content\/uploads\/2014\/03\/DSC_9205.jpg 1275w\" sizes=\"auto, (max-width: 384px) 100vw, 384px\" \/><\/p>\n<p>&nbsp;<\/p>\n<p>&nbsp;<\/p>\n<p>&nbsp;<\/p>\n<p><em>Ces Exp\u00e9riences professionnelles me permettent\u00a0aujourd\u2019hui\u00a0de vous \u00a0proposer une\u00a0connaissance approfondie du mat\u00e9riel, des pratiquants et de leurs\u00a0 attentes,\u00a0pour vous conseiller au mieux dans vos projets.<\/em><\/p>\n<p>&nbsp;<\/p>\n<p>&nbsp;<\/p>\n<p>&nbsp;<\/p>\n<p>&nbsp;<\/p>\n<p>Brevet d\u2019\u00e9tat N\u00b0 063-06-0178<\/p>\n<p>Carte Pro N\u00b0 07207ED0042<\/p>\n<p><em>\u00a0<\/em><\/p>\n","protected":false},"excerpt":{"rendered":"<p>HISTORIQUE FREEWHEELS \u00e0 \u00e9t\u00e9 cr\u00e9e en 2009 par Jean-Marie PLACAIS, passionn\u00e9 et pratiquant VTT et\u00a0 BMX depuis pr\u00e8s de 30 ans. &nbsp; Aujourd&rsquo;hui, je suis \u00e0 votre disposition pour apporter mes connaissances, mes conseils et mes comp\u00e9tences \u00e0 votre service, que ce soit pour : &#8211; Vos r\u00e9parations cycles de tous types, \u00e0 l&rsquo;atelier ou [&hellip;]<\/p>\n","protected":false},"author":1,"featured_media":0,"parent":0,"menu_order":0,"comment_status":"open","ping_status":"open","template":"","meta":{"footnotes":""},"class_list":["post-44","page","type-page","status-publish","hentry"],"_links":{"self":[{"href":"http:\/\/freewheels-ride.fr\/index.php?rest_route=\/wp\/v2\/pages\/44","targetHints":{"allow":["GET"]}}],"collection":[{"href":"http:\/\/freewheels-ride.fr\/index.php?rest_route=\/wp\/v2\/pages"}],"about":[{"href":"http:\/\/freewheels-ride.fr\/index.php?rest_route=\/wp\/v2\/types\/page"}],"author":[{"embeddable":true,"href":"http:\/\/freewheels-ride.fr\/index.php?rest_route=\/wp\/v2\/users\/1"}],"replies":[{"embeddable":true,"href":"http:\/\/freewheels-ride.fr\/index.php?rest_route=%2Fwp%2Fv2%2Fcomments&post=44"}],"version-history":[{"count":39,"href":"http:\/\/freewheels-ride.fr\/index.php?rest_route=\/wp\/v2\/pages\/44\/revisions"}],"predecessor-version":[{"id":676,"href":"http:\/\/freewheels-ride.fr\/index.php?rest_route=\/wp\/v2\/pages\/44\/revisions\/676"}],"wp:attachment":[{"href":"http:\/\/freewheels-ride.fr\/index.php?rest_route=%2Fwp%2Fv2%2Fmedia&parent=44"}],"curies":[{"name":"wp","href":"https:\/\/api.w.org\/{rel}","templated":true}]}}